{"id":1160,"date":"2020-11-19T21:27:22","date_gmt":"2020-11-19T21:27:22","guid":{"rendered":"http:\/\/mattkulig.com\/?page_id=1160"},"modified":"2020-11-19T21:31:07","modified_gmt":"2020-11-19T21:31:07","slug":"kontakt","status":"publish","type":"page","link":"https:\/\/mattkulig.com\/index.php\/kontakt\/","title":{"rendered":"KONTAKT | Mateusz Kulig | cinematographer &#038; editor"},"content":{"rendered":"<section class=\"wpb-content-wrapper\"><p>[vc_row full_width=&#8221;stretch_row_content_no_spaces&#8221;][vc_column]<div class=\"full-screen-area fc-area-5bc38eb22109d slide-title-on\"><div class=\"fc-navigation\"><ul><\/ul><\/div><div class=\"fc-wrap\"><div class=\"fc-item \" style=\"\"><div class=\"slide-h\"><div>skontaktuj si\u0119<\/div><\/div><div class=\"bg-line\" style=\"left: 40%;\"><\/div><div class=\"cell cell-container middle\"><div class=\"container\">[vc_row_inner gap=&#8221;30&#8243;][vc_column_inner width=&#8221;1\/3&#8243;]<div class=\"pt-special-heading pt-special-heading-5bcb25d178f75 tal  vc_custom_1604947296004\"><h3 class=\"heading\">Skontaktuj si\u0119 ze mn\u0105<\/h3><\/div><div class=\"contact-row \"><i class=\"admin-ui-telephone-auricular\"><\/i><div class=\"content\"><span>Telefon:<\/span>601632068<\/div><\/div><div class=\"contact-row \"><i class=\"admin-ui-new-email-filled-closed-envelope-back\"><\/i><div class=\"content\"><span>E-mail:<\/span>hello@mattkulig.com<\/div><\/div>[\/vc_column_inner][vc_column_inner width=&#8221;1\/3&#8243;][vc_column_text]<span style=\"font-weight: 400;\">Jeste\u015b zainteresowany wsp\u00f3\u0142prac\u0105? Skontaktuj si\u0119 w sprawie oferty!<\/span><\/p>\n<p><span style=\"font-weight: 400;\">Przygotuj\u0119 dla Ciebie indywidualn\u0105 wycen\u0119 skrojon\u0105 na miar\u0119 Twoich oczekiwa\u0144 i potrzeb biznesowych.<\/span>[\/vc_column_text]<div role=\"form\" class=\"wpcf7\" id=\"wpcf7-f688-o1\" lang=\"en-US\" dir=\"ltr\">\n<div class=\"screen-reader-response\"><p role=\"status\" aria-live=\"polite\" aria-atomic=\"true\"><\/p> <ul><\/ul><\/div>\n<form action=\"\/index.php\/wp-json\/wp\/v2\/pages\/1160#wpcf7-f688-o1\" method=\"post\" class=\"wpcf7-form init\" novalidate=\"novalidate\" data-status=\"init\">\n<div style=\"display: none;\">\n<input type=\"hidden\" name=\"_wpcf7\" value=\"688\" \/>\n<input type=\"hidden\" name=\"_wpcf7_version\" value=\"5.6.3\" \/>\n<input type=\"hidden\" name=\"_wpcf7_locale\" value=\"en_US\" \/>\n<input type=\"hidden\" name=\"_wpcf7_unit_tag\" value=\"wpcf7-f688-o1\" \/>\n<input type=\"hidden\" name=\"_wpcf7_container_post\" value=\"0\" \/>\n<input type=\"hidden\" name=\"_wpcf7_posted_data_hash\" value=\"\" \/>\n<\/div>\n<div class=\"contact-form row\">\n<div class=\"col-xs-12 col-sm-6\">\n<div class=\"input-row-s1\"><span class=\"wpcf7-form-control-wrap\" data-name=\"your-name\"><input type=\"text\" name=\"your-name\" value=\"\" size=\"40\" class=\"wpcf7-form-control wpcf7-text wpcf7-validates-as-required style1\" aria-required=\"true\" aria-invalid=\"false\" placeholder=\"IMI\u0118\" \/><\/span><\/div>\n<\/div>\n<div class=\"col-xs-12 col-sm-6\">\n<div class=\"input-row-s1\"><span class=\"wpcf7-form-control-wrap\" data-name=\"your-email\"><input type=\"text\" name=\"your-email\" value=\"\" size=\"40\" class=\"wpcf7-form-control wpcf7-text wpcf7-validates-as-required style1\" aria-required=\"true\" aria-invalid=\"false\" placeholder=\"TW\u00d3J E-MAIL\" \/><\/span><\/div>\n<\/div>\n<div class=\"col-xs-12\">\n<div class=\"input-row-s1\"><span class=\"wpcf7-form-control-wrap\" data-name=\"your-message\"><input type=\"text\" name=\"your-message\" value=\"\" size=\"40\" class=\"wpcf7-form-control wpcf7-text wpcf7-validates-as-required style1\" aria-required=\"true\" aria-invalid=\"false\" placeholder=\"WIADOMO\u015a\u0106\" \/><\/span><\/div>\n<\/div>\n<div class=\"col-xs-12\"><button type=\"submit\" class=\"wpcf7-form-control wpcf7-submit button-style1\"><span>wy\u015blij<\/span><i class=\"solid-arrow-collection-right-arrow\"><\/i><\/button><\/div>\n<\/div>\n<div class=\"wpcf7-response-output\" aria-hidden=\"true\"><\/div><\/form><\/div>[\/vc_column_inner][vc_column_inner width=&#8221;1\/3&#8243;][\/vc_column_inner][\/vc_row_inner]<\/div><\/div><\/div><\/div><\/div>[\/vc_column][\/vc_row]<\/p>\n<\/section>","protected":false},"excerpt":{"rendered":"<p>[vc_row full_width=&#8221;stretch_row_content_no_spaces&#8221;][vc_column][\/vc_column][\/vc_row]<\/p>\n","protected":false},"author":1,"featured_media":0,"parent":0,"menu_order":0,"comment_status":"closed","ping_status":"closed","template":"template-landing.php","meta":[],"acf":[],"_links":{"self":[{"href":"https:\/\/mattkulig.com\/index.php\/wp-json\/wp\/v2\/pages\/1160"}],"collection":[{"href":"https:\/\/mattkulig.com\/index.php\/wp-json\/wp\/v2\/pages"}],"about":[{"href":"https:\/\/mattkulig.com\/index.php\/wp-json\/wp\/v2\/types\/page"}],"author":[{"embeddable":true,"href":"https:\/\/mattkulig.com\/index.php\/wp-json\/wp\/v2\/users\/1"}],"replies":[{"embeddable":true,"href":"https:\/\/mattkulig.com\/index.php\/wp-json\/wp\/v2\/comments?post=1160"}],"version-history":[{"count":0,"href":"https:\/\/mattkulig.com\/index.php\/wp-json\/wp\/v2\/pages\/1160\/revisions"}],"wp:attachment":[{"href":"https:\/\/mattkulig.com\/index.php\/wp-json\/wp\/v2\/media?parent=1160"}],"curies":[{"name":"wp","href":"https:\/\/api.w.org\/{rel}","templated":true}]}}